{"id":2313,"date":"2011-08-29T21:27:25","date_gmt":"2011-08-29T19:27:25","guid":{"rendered":"http:\/\/ueber-die-meere.de\/wordpress\/?page_id=2313"},"modified":"2014-12-04T18:18:36","modified_gmt":"2014-12-04T21:18:36","slug":"presse","status":"publish","type":"page","link":"http:\/\/www.ueber-die-meere.de\/wordpress\/?page_id=2313","title":{"rendered":"Presse"},"content":{"rendered":"<p>Hier sind alle Ver\u00f6ffentlichungen in der Presse \u00fcber uns zu finden:<\/p>\n<ul>\n<li>Claudi ist im Sp\u00e4therbst 2014 allein in Deutschland und war bei <a title=\"Radio Gong\" href=\"http:\/\/www.gong971.de\" target=\"_blank\">Radio Gong<\/a>:<br \/>\n<a href=\"http:\/\/www.ueber-die-meere.de\/wordpress\/wp-content\/uploads\/2011\/08\/20141204_Radio_Gong.mp3\">20141204_Radio_Gong <\/a><\/li>\n<\/ul>\n<ul>\n<li>W\u00e4hrend unseres Heimaturlaubs im Juli 2013 waren wir nochmal live in der King Gong Show bei <a title=\"Radio Gong\" href=\"http:\/\/www.gong971.de\" target=\"_blank\">Radio Gong<\/a>:<br \/>\n<a href=\"http:\/\/www.ueber-die-meere.de\/wordpress\/wp-content\/uploads\/2011\/08\/20130711_Radio_Gong_Take1.mp3\">20130711_Radio_Gong_Take1<br \/>\n<\/a><a href=\"http:\/\/www.ueber-die-meere.de\/wordpress\/wp-content\/uploads\/2011\/08\/20130711_Radio_Gong_Take2.mp3\">20130711_Radio_Gong_Take2 <\/a><\/li>\n<\/ul>\n<ul>\n<li>Am 25. Juni 2013, dem Tag der Seefahrer, hat <a title=\"Radio Gong\" href=\"http:\/\/www.gong971.de\" target=\"_blank\">Radio Gong<\/a> mal wieder kurz \u00fcber uns berichtet:<br \/>\n<a href=\"http:\/\/www.ueber-die-meere.de\/wordpress\/wp-content\/uploads\/2011\/08\/2013_06_25_Mitschnitt_Seefahrer.mpg \">20130625_Radio_Gong<\/a><\/li>\n<\/ul>\n<ul>\n<li>Am 27. M\u00e4rz 2013 hat\u00a0<a title=\"Radio Gong\" href=\"http:\/\/www.gong971.de\" target=\"_blank\">Radio Gong<\/a> ein Update \u00fcber uns gesendet:<br \/>\n<a href=\"http:\/\/www.ueber-die-meere.de\/wordpress\/wp-content\/uploads\/2011\/08\/20130327_Radio_Gong.mp3\">20130327_Radio_Gong<\/a><\/li>\n<\/ul>\n<ul>\n<li>Kurz vor dem Jahreswechsel erschien im Jeverschen Wochenblatt ein weiterer Artikel (<a title=\"Ausgabe-JW-12-12\" href=\"http:\/\/www.ueber-die-meere.de\/wordpress\/wp-content\/uploads\/2011\/08\/Ausgabe-JW-12-12.pdf\" target=\"_blank\" rel=\"attachment wp-att-4287\">Ausgabe-JW-12-12<\/a>).<\/li>\n<\/ul>\n<ul>\n<li>Zur Abfahrt sind im Jeverschen Wochenblatt zwei Artikel erschienen. Ein kurzer am 21. Juli 2012 (<a href=\"http:\/\/www.ueber-die-meere.de\/wordpress\/wp-content\/uploads\/2011\/08\/Ausgabe-JW-21-07-12.pdf\">Ausgabe-JW-21-07-12<\/a>)\u00a0und ein l\u00e4ngerer am 24. Juli 2012 (<a href=\"http:\/\/www.ueber-die-meere.de\/wordpress\/wp-content\/uploads\/2011\/08\/Ausgabe-JW-24-07-12.pdf\">Ausgabe-JW-24-07-12<\/a>).<\/li>\n<\/ul>\n<ul>\n<li>Am 13.Juli 2012 waren wir noch einmal, diesmal f\u00fcr eine ganze Stunde, zu Gast bei <a title=\"Radio Gong\" href=\"http:\/\/www.gong971.de\" target=\"_blank\">Radio Gong<\/a>:<br \/>\n<a href=\"http:\/\/www.ueber-die-meere.de\/wordpress\/wp-content\/uploads\/2011\/08\/20120713_Radio_Gong_Take1.mp3\">20120713_Radio_Gong_Take1<br \/>\n<\/a><a href=\"http:\/\/www.ueber-die-meere.de\/wordpress\/wp-content\/uploads\/2011\/08\/20120713_Radio_Gong_Take2.mp3\">20120713_Radio_Gong_Take2<br \/>\n<\/a><a href=\"http:\/\/www.ueber-die-meere.de\/wordpress\/wp-content\/uploads\/2011\/08\/20120713_Radio_Gong_Take3.mp3\">20120713_Radio_Gong_Take3<br \/>\n<\/a><a href=\"http:\/\/www.ueber-die-meere.de\/wordpress\/wp-content\/uploads\/2011\/08\/20120713_Radio_Gong_Take4_Maly.mp3\">20120713_Radio_Gong_Take4_Maly<\/a><\/li>\n<\/ul>\n<ul>\n<li>Am 23. Juni 2012 war noch ein sehr sch\u00f6ner Artikel \u00fcber uns im Lokalteil der N\u00fcrnberger Nachrichten: <a href=\"http:\/\/www.ueber-die-meere.de\/wordpress\/wp-content\/uploads\/2011\/08\/Artikel_NN_Lokalteil_20120623.pdf\">Artikel_NN_Lokalteil_20120623<\/a><\/li>\n<\/ul>\n<ul>\n<li>Am 7. Februar 2012 waren wir bei <a title=\"Radio Gong\" href=\"http:\/\/www.gong971.de\" target=\"_blank\">Radio Gong<\/a> zu Gast: <a href=\"http:\/\/www.ueber-die-meere.de\/wordpress\/wp-content\/uploads\/2011\/08\/2012_02_07_Radio_Gong.mp3\">2012_02_07_Radio_Gong<\/a><\/li>\n<\/ul>\n<ul>\n<li>Am 22. September 2011 waren wir bei <a title=\"Radio-Z\" href=\"http:\/\/www.radio-z.net\/\" target=\"_blank\">Radio-Z<\/a> zu Gast: <a href=\"http:\/\/ueber-die-meere.de\/wordpress\/wp-content\/uploads\/2011\/08\/2011_09_22_RadioZ_1.mp3\">Teil 1<\/a>, <a href=\"http:\/\/ueber-die-meere.de\/wordpress\/wp-content\/uploads\/2011\/08\/2011_09_22_RadioZ_2.mp3\">Teil 2<\/a>,<a href=\"http:\/\/ueber-die-meere.de\/wordpress\/wp-content\/uploads\/2011\/08\/2011_09_22_RadioZ_3.mp3\"> Teil 3<\/a> (Vielen Dank f\u00fcr\u00b4s Schneiden, Ursula!)<\/li>\n<\/ul>\n<ul>\n<li><a href=\"http:\/\/ueber-die-meere.de\/wordpress\/wp-content\/uploads\/2011\/08\/NN_13_14_August_2011.pdf\">N\u00fcrnbergerNachrichten_13_14_August_2011<\/a><\/li>\n<\/ul>\n","protected":false},"excerpt":{"rendered":"<p>Hier sind alle Ver\u00f6ffentlichungen in der Presse \u00fcber uns zu finden: Claudi ist im Sp\u00e4therbst 2014 allein in Deutschland und war bei Radio Gong: 20141204_Radio_Gong W\u00e4hrend unseres Heimaturlaubs im Juli 2013 waren wir nochmal live in der King Gong Show &hellip; <a href=\"http:\/\/www.ueber-die-meere.de\/wordpress\/?page_id=2313\">Weiterlesen <span class=\"meta-nav\">&rarr;<\/span><\/a><\/p>\n","protected":false},"author":2,"featured_media":0,"parent":0,"menu_order":0,"comment_status":"closed","ping_status":"closed","template":"","meta":{"ngg_post_thumbnail":0},"_links":{"self":[{"href":"http:\/\/www.ueber-die-meere.de\/wordpress\/index.php?rest_route=\/wp\/v2\/pages\/2313"}],"collection":[{"href":"http:\/\/www.ueber-die-meere.de\/wordpress\/index.php?rest_route=\/wp\/v2\/pages"}],"about":[{"href":"http:\/\/www.ueber-die-meere.de\/wordpress\/index.php?rest_route=\/wp\/v2\/types\/page"}],"author":[{"embeddable":true,"href":"http:\/\/www.ueber-die-meere.de\/wordpress\/index.php?rest_route=\/wp\/v2\/users\/2"}],"replies":[{"embeddable":true,"href":"http:\/\/www.ueber-die-meere.de\/wordpress\/index.php?rest_route=%2Fwp%2Fv2%2Fcomments&post=2313"}],"version-history":[{"count":20,"href":"http:\/\/www.ueber-die-meere.de\/wordpress\/index.php?rest_route=\/wp\/v2\/pages\/2313\/revisions"}],"predecessor-version":[{"id":10999,"href":"http:\/\/www.ueber-die-meere.de\/wordpress\/index.php?rest_route=\/wp\/v2\/pages\/2313\/revisions\/10999"}],"wp:attachment":[{"href":"http:\/\/www.ueber-die-meere.de\/wordpress\/index.php?rest_route=%2Fwp%2Fv2%2Fmedia&parent=2313"}],"curies":[{"name":"wp","href":"https:\/\/api.w.org\/{rel}","templated":true}]}}