{"id":2237,"date":"2011-08-15T22:22:55","date_gmt":"2011-08-15T20:22:55","guid":{"rendered":"http:\/\/ueber-die-meere.de\/wordpress\/?page_id=2237"},"modified":"2012-06-23T22:31:52","modified_gmt":"2012-06-23T20:31:52","slug":"crew-2","status":"publish","type":"page","link":"http:\/\/www.ueber-die-meere.de\/wordpress\/?page_id=2237","title":{"rendered":"Crew"},"content":{"rendered":"<p>Wir, Claudia und Michael aus N\u00fcrnberg,\u00a0sind seit \u00fcber 18 Jahren zusammen, verheiratet, waren beide berufst\u00e4tig als wir sagten <strong>&#8222;dies kann nicht alles sein&#8220;<\/strong>. Nach einem Australientrip 2006 wurde die Idee der Weltumseglung geboren.<\/p>\n<p>Zuerst nur lose und mit viel Tr\u00e4umereien, doch irgendwann sagten wir uns, entweder wir h\u00f6ren auf davon zu tr\u00e4umen oder <strong>wir tun es<\/strong> einfach. Seit diesem Moment arbeiten wir kontinuierlich auf den 21. Juli 2012 hin. Dies ist unser offizieller fixer Starttermin. Um 14:50 geht es per Sonderschleusung, ein paar Boote aus der Marina wollen uns auch ein St\u00fcck begleiten, in die Jade und von dort aus in die Nordsee.<\/p>\n<p><img loading=\"lazy\" title=\"wir\" src=\"..\/..\/images\/stories\/wir_zwei.jpg\" alt=\"wir\" width=\"600\" height=\"450\" border=\"0\" \/><\/p>\n<div style=\"width: 210px\" class=\"wp-caption aligncenter\"><a class=\"shutterset_\" title=\"Stitch und 3 Crewmitglied ist ab Donnerstag dauerhaft an Bord und bewacht es auch, grrrrr!!\" href=\"http:\/\/www.ueber-die-meere.de\/wordpress\/wp-content\/gallery\/mitte_mai_2012\/stitch.jpg\"><img loading=\"lazy\" class=\"ngg-singlepic ngg-left   \" src=\"http:\/\/www.ueber-die-meere.de\/wordpress\/wp-content\/gallery\/mitte_mai_2012\/thumbs\/thumbs_stitch.jpg\" alt=\"Stitch und 3 Crewmitglied\" width=\"200\" height=\"150\" \/><\/a><p class=\"wp-caption-text\">Stitch, unser Maskottchen, er passt auf alles auf und hat den \u00dcberblick.<\/p><\/div>\n<p style=\"text-align: center;\"><strong><br \/>\n<\/strong><\/p>\n","protected":false},"excerpt":{"rendered":"<p>Wir, Claudia und Michael aus N\u00fcrnberg,\u00a0sind seit \u00fcber 18 Jahren zusammen, verheiratet, waren beide berufst\u00e4tig als wir sagten &#8222;dies kann nicht alles sein&#8220;. Nach einem Australientrip 2006 wurde die Idee der Weltumseglung geboren. Zuerst nur lose und mit viel Tr\u00e4umereien, &hellip; <a href=\"http:\/\/www.ueber-die-meere.de\/wordpress\/?page_id=2237\">Weiterlesen <span class=\"meta-nav\">&rarr;<\/span><\/a><\/p>\n","protected":false},"author":2,"featured_media":0,"parent":0,"menu_order":0,"comment_status":"closed","ping_status":"closed","template":"","meta":{"ngg_post_thumbnail":0},"_links":{"self":[{"href":"http:\/\/www.ueber-die-meere.de\/wordpress\/index.php?rest_route=\/wp\/v2\/pages\/2237"}],"collection":[{"href":"http:\/\/www.ueber-die-meere.de\/wordpress\/index.php?rest_route=\/wp\/v2\/pages"}],"about":[{"href":"http:\/\/www.ueber-die-meere.de\/wordpress\/index.php?rest_route=\/wp\/v2\/types\/page"}],"author":[{"embeddable":true,"href":"http:\/\/www.ueber-die-meere.de\/wordpress\/index.php?rest_route=\/wp\/v2\/users\/2"}],"replies":[{"embeddable":true,"href":"http:\/\/www.ueber-die-meere.de\/wordpress\/index.php?rest_route=%2Fwp%2Fv2%2Fcomments&post=2237"}],"version-history":[{"count":4,"href":"http:\/\/www.ueber-die-meere.de\/wordpress\/index.php?rest_route=\/wp\/v2\/pages\/2237\/revisions"}],"predecessor-version":[{"id":2244,"href":"http:\/\/www.ueber-die-meere.de\/wordpress\/index.php?rest_route=\/wp\/v2\/pages\/2237\/revisions\/2244"}],"wp:attachment":[{"href":"http:\/\/www.ueber-die-meere.de\/wordpress\/index.php?rest_route=%2Fwp%2Fv2%2Fmedia&parent=2237"}],"curies":[{"name":"wp","href":"https:\/\/api.w.org\/{rel}","templated":true}]}}