{"id":2124,"date":"2011-08-04T21:57:38","date_gmt":"2011-08-04T19:57:38","guid":{"rendered":"http:\/\/ueber-die-meere.de\/wordpress\/?page_id=2124"},"modified":"2014-03-26T19:08:03","modified_gmt":"2014-03-26T20:08:03","slug":"unterstutzer","status":"publish","type":"page","link":"http:\/\/www.ueber-die-meere.de\/wordpress\/?page_id=2124","title":{"rendered":"Partner"},"content":{"rendered":"<p>Mit der Weltumseglung erf\u00fcllen wir uns einen Lebenstraum. Diese Seite haben wir f\u00fcr alle reserviert, die uns mit Ausr\u00fcstung oder auch finanziell unterst\u00fctzen wollen.<\/p>\n<p><a title=\"RK Textil\" href=\"http:\/\/rktextil.de\/\" target=\"_blank\"><img loading=\"lazy\" class=\"size-full wp-image-2949 alignright\" title=\"RK_klein\" alt=\"\" src=\"http:\/\/www.ueber-die-meere.de\/wordpress\/wp-content\/uploads\/2011\/08\/RK_klein.jpg\" width=\"99\" height=\"78\" \/><\/a><\/p>\n<p>Die Firma RK-Textil unterst\u00fctzt uns mit Kleidung, die \u00f6kologisch und fair produziert wird.<\/p>\n<p><a href=\"http:\/\/www.weatherdock.de\" target=\"_blank\"><img loading=\"lazy\" class=\"alignleft size-full wp-image-3143\" title=\"weatherdock\" alt=\"\" src=\"http:\/\/www.ueber-die-meere.de\/wordpress\/wp-content\/uploads\/2011\/08\/weatherdock1.jpg\" width=\"119\" height=\"40\" \/><\/a>Die Firma Weatherdock AG unterst\u00fctzt uns mit Ausstattung im Bereich der AIS-Technik. Dank dessen k\u00f6nnen wir bei <a href=\"http:\/\/www.marinetraffic.com\/ais\/de\/shipdetails.aspx?mmsi=211526700\" target=\"_blank\">marinetraffic<\/a> oder <a title=\"vesselfinder\" href=\"http:\/\/www.vesselfinder.com\/?mmsi=211526700\" target=\"_blank\">vesselfinder <\/a>verfolgt werden. Au\u00dferdem sehen wir so mindestens die komplette Berufsschiffahrt in unserem Umkreis.<\/p>\n<p>Die Sankt-<a href=\"http:\/\/www.sankt-johannis-apotheke.de\/\"><img loading=\"lazy\" class=\"alignright size-full wp-image-3220\" title=\"St-Johannis-Apotheke\" alt=\"\" src=\"http:\/\/www.ueber-die-meere.de\/wordpress\/wp-content\/uploads\/2011\/08\/St-Johannis-Apotheke.jpg\" width=\"76\" height=\"120\" \/><\/a>Johannis-Apotheke in N\u00fcrnberg hat uns bisher bei der Beratung und Zusammenstellung von Impfungen und insbesondere der Bordapotheke unterst\u00fctzt. Falls wir unterwegs eine medizinische Frage haben, haben wir dort auch immer einen Ansprechpartner!<\/p>\n<p>Gerne testen wir auch Produkte oder revanchieren uns mit Berichten \u00fcber unsere Eindr\u00fccke und Erfahrungen von unterwegs. Bei Interesse freuen wir uns \u00fcber eine Nachricht.<\/p>\n","protected":false},"excerpt":{"rendered":"<p>Mit der Weltumseglung erf\u00fcllen wir uns einen Lebenstraum. Diese Seite haben wir f\u00fcr alle reserviert, die uns mit Ausr\u00fcstung oder auch finanziell unterst\u00fctzen wollen. Die Firma RK-Textil unterst\u00fctzt uns mit Kleidung, die \u00f6kologisch und fair produziert wird. Die Firma Weatherdock &hellip; <a href=\"http:\/\/www.ueber-die-meere.de\/wordpress\/?page_id=2124\">Weiterlesen <span class=\"meta-nav\">&rarr;<\/span><\/a><\/p>\n","protected":false},"author":2,"featured_media":0,"parent":0,"menu_order":0,"comment_status":"closed","ping_status":"closed","template":"","meta":{"ngg_post_thumbnail":0},"_links":{"self":[{"href":"http:\/\/www.ueber-die-meere.de\/wordpress\/index.php?rest_route=\/wp\/v2\/pages\/2124"}],"collection":[{"href":"http:\/\/www.ueber-die-meere.de\/wordpress\/index.php?rest_route=\/wp\/v2\/pages"}],"about":[{"href":"http:\/\/www.ueber-die-meere.de\/wordpress\/index.php?rest_route=\/wp\/v2\/types\/page"}],"author":[{"embeddable":true,"href":"http:\/\/www.ueber-die-meere.de\/wordpress\/index.php?rest_route=\/wp\/v2\/users\/2"}],"replies":[{"embeddable":true,"href":"http:\/\/www.ueber-die-meere.de\/wordpress\/index.php?rest_route=%2Fwp%2Fv2%2Fcomments&post=2124"}],"version-history":[{"count":11,"href":"http:\/\/www.ueber-die-meere.de\/wordpress\/index.php?rest_route=\/wp\/v2\/pages\/2124\/revisions"}],"predecessor-version":[{"id":7337,"href":"http:\/\/www.ueber-die-meere.de\/wordpress\/index.php?rest_route=\/wp\/v2\/pages\/2124\/revisions\/7337"}],"wp:attachment":[{"href":"http:\/\/www.ueber-die-meere.de\/wordpress\/index.php?rest_route=%2Fwp%2Fv2%2Fmedia&parent=2124"}],"curies":[{"name":"wp","href":"https:\/\/api.w.org\/{rel}","templated":true}]}}