{"id":2067,"date":"2011-08-03T14:22:02","date_gmt":"2011-08-03T12:22:02","guid":{"rendered":"http:\/\/ueber-die-meere.de\/wordpress\/?page_id=2067"},"modified":"2017-06-05T19:08:10","modified_gmt":"2017-06-05T23:08:10","slug":"kassiopeia","status":"publish","type":"page","link":"http:\/\/www.ueber-die-meere.de\/wordpress\/?page_id=2067","title":{"rendered":"Kassiopeia"},"content":{"rendered":"<p>Nach vielen Monaten und tausenden von Kilometern, Irrungen und Wirrungen haben wir uns f\u00fcr eine Hallberg Rassy 35 Rasmus mit Mittelcockpit entschieden, unsere <strong>&#8222;Kassiopeia&#8220;<\/strong>. Sie hat zwar schon ein paar Jahre auf dem Buckel aber eine geniale Substanz, genau das, was wir suchten.<\/p>\n<p><strong>KASSIOPEIA, <\/strong>woher kommt der Name? Nun, 37 Jahre lang hie\u00df Sie &#8222;Potosi II&#8220; und wir \u00fcberlegten lange hin und her, ob wir sie umtaufen sollten oder nicht. Denn da gibt es ja zwei grunds\u00e4tzliche Meinungen, Ja und Nein, wir entschieden uns letzendlich f\u00fcr Ja. Mehr muss man dazu nicht sagen.<\/p>\n<p>KASSIOPEIA ist einmal ein auff\u00e4lliges Sternbild des Nordhimmels. Die f\u00fcnf Hauptsterne der Kassiopeia bilden ein markantes <em>W<\/em> am Himmel, daher wird sie auch als <em>Himmels-W<\/em> bezeichnet. Die Spitze in der Mitte des W zeigt ungef\u00e4hr auf den Nordpolarstern, den man so mit Hilfe der Kassiopeia auffinden kann. Und zum weiteren, hei\u00dft Meister Horas Schildkr\u00f6te KASSIOPEIA, in Momo von Michael Ende, die eine halbe Stunde in die Zukunft schauen kann (was nie schadet) \u2013 und doch nicht sagen kann, was passieren wird. Sie dr\u00fcckt sich mittels geschriebener Worte aus, die sie auf ihrem Panzer erscheinen lassen kann.<\/p>\n<p>&nbsp;<\/p>\n<p><strong>Kassiopeia von au\u00dfen<\/strong><\/p>\n<p><!-- index.php -->\n<div\n\tclass=\"ngg-galleryoverview ngg-ajax-pagination-none\"\n\tid=\"ngg-gallery-12362-1\">\n\n    \t<div class=\"slideshowlink\">\n        <a href='http:\/\/www.ueber-die-meere.de\/wordpress\/index.php\/nggallery\/slideshow?page_id=2067'>[Show as slideshow]<\/a>\n\t\t\n\t<\/div>\n\t\t\t<!-- Thumbnails -->\n\t\t\t\t<div id=\"ngg-image-0\" class=\"ngg-gallery-thumbnail-box\" >\n\t\t\t\t        <div class=\"ngg-gallery-thumbnail\">\n            <a href=\"http:\/\/www.ueber-die-meere.de\/wordpress\/wp-content\/gallery\/kassiopeia_2015_aussen\/backbord.jpg\"\n               title=\"Backbord\"\n               data-src=\"http:\/\/www.ueber-die-meere.de\/wordpress\/wp-content\/gallery\/kassiopeia_2015_aussen\/backbord.jpg\"\n               data-thumbnail=\"http:\/\/www.ueber-die-meere.de\/wordpress\/wp-content\/gallery\/kassiopeia_2015_aussen\/thumbs\/thumbs_backbord.jpg\"\n               data-image-id=\"3039\"\n               data-title=\"backbord\"\n               data-description=\"Backbord\"\n               data-image-slug=\"backbord\"\n               class=\"shutterset_12362\">\n                <img\n                    title=\"backbord\"\n                    alt=\"backbord\"\n                    src=\"http:\/\/www.ueber-die-meere.de\/wordpress\/wp-content\/gallery\/kassiopeia_2015_aussen\/thumbs\/thumbs_backbord.jpg\"\n                    width=\"100\"\n                    height=\"75\"\n                    style=\"max-width:100%;\"\n                \/>\n            <\/a>\n        <\/div>\n\t\t\t\t\t\t\t<\/div> \n\t\t\t\n        \n\t\t\t\t<div id=\"ngg-image-1\" class=\"ngg-gallery-thumbnail-box\" >\n\t\t\t\t        <div class=\"ngg-gallery-thumbnail\">\n            <a href=\"http:\/\/www.ueber-die-meere.de\/wordpress\/wp-content\/gallery\/kassiopeia_2015_aussen\/perfekte_lueftung.jpg\"\n               title=\"&quot;Schorsch&quot; h\u00e4ngt am Haken und sorgt so f\u00fcr eine perfekte Luftzufuhr\"\n               data-src=\"http:\/\/www.ueber-die-meere.de\/wordpress\/wp-content\/gallery\/kassiopeia_2015_aussen\/perfekte_lueftung.jpg\"\n               data-thumbnail=\"http:\/\/www.ueber-die-meere.de\/wordpress\/wp-content\/gallery\/kassiopeia_2015_aussen\/thumbs\/thumbs_perfekte_lueftung.jpg\"\n               data-image-id=\"3040\"\n               data-title=\"perfekte_lueftung\"\n               data-description=\"&quot;Schorsch&quot; h\u00e4ngt am Haken und sorgt so f\u00fcr eine perfekte Luftzufuhr\"\n               data-image-slug=\"perfekte_lueftung\"\n               class=\"shutterset_12362\">\n                <img\n                    title=\"perfekte_lueftung\"\n                    alt=\"perfekte_lueftung\"\n                    src=\"http:\/\/www.ueber-die-meere.de\/wordpress\/wp-content\/gallery\/kassiopeia_2015_aussen\/thumbs\/thumbs_perfekte_lueftung.jpg\"\n                    width=\"100\"\n                    height=\"75\"\n                    style=\"max-width:100%;\"\n                \/>\n            <\/a>\n        <\/div>\n\t\t\t\t\t\t\t<\/div> \n\t\t\t\n        \n\t\t\t\t<div id=\"ngg-image-2\" class=\"ngg-gallery-thumbnail-box\" >\n\t\t\t\t        <div class=\"ngg-gallery-thumbnail\">\n            <a href=\"http:\/\/www.ueber-die-meere.de\/wordpress\/wp-content\/gallery\/kassiopeia_2015_aussen\/hintern.jpg\"\n               title=\"So schaut sie von hinten aus, mit Badeplattform, Windfahne und Gasflasche\"\n               data-src=\"http:\/\/www.ueber-die-meere.de\/wordpress\/wp-content\/gallery\/kassiopeia_2015_aussen\/hintern.jpg\"\n               data-thumbnail=\"http:\/\/www.ueber-die-meere.de\/wordpress\/wp-content\/gallery\/kassiopeia_2015_aussen\/thumbs\/thumbs_hintern.jpg\"\n               data-image-id=\"3041\"\n               data-title=\"hintern\"\n               data-description=\"So schaut sie von hinten aus, mit Badeplattform, Windfahne und Gasflasche\"\n               data-image-slug=\"hintern\"\n               class=\"shutterset_12362\">\n                <img\n                    title=\"hintern\"\n                    alt=\"hintern\"\n                    src=\"http:\/\/www.ueber-die-meere.de\/wordpress\/wp-content\/gallery\/kassiopeia_2015_aussen\/thumbs\/thumbs_hintern.jpg\"\n                    width=\"100\"\n                    height=\"75\"\n                    style=\"max-width:100%;\"\n                \/>\n            <\/a>\n        <\/div>\n\t\t\t\t\t\t\t<\/div> \n\t\t\t\n        \n\t\t\t\t<div id=\"ngg-image-3\" class=\"ngg-gallery-thumbnail-box\" >\n\t\t\t\t        <div class=\"ngg-gallery-thumbnail\">\n            <a href=\"http:\/\/www.ueber-die-meere.de\/wordpress\/wp-content\/gallery\/kassiopeia_2015_aussen\/blick_nach_vorn.jpg\"\n               title=\"Blick \u00fcbers Vorschiff\"\n               data-src=\"http:\/\/www.ueber-die-meere.de\/wordpress\/wp-content\/gallery\/kassiopeia_2015_aussen\/blick_nach_vorn.jpg\"\n               data-thumbnail=\"http:\/\/www.ueber-die-meere.de\/wordpress\/wp-content\/gallery\/kassiopeia_2015_aussen\/thumbs\/thumbs_blick_nach_vorn.jpg\"\n               data-image-id=\"3042\"\n               data-title=\"blick_nach_vorn\"\n               data-description=\"Blick \u00fcbers Vorschiff\"\n               data-image-slug=\"blick_nach_vorn\"\n               class=\"shutterset_12362\">\n                <img\n                    title=\"blick_nach_vorn\"\n                    alt=\"blick_nach_vorn\"\n                    src=\"http:\/\/www.ueber-die-meere.de\/wordpress\/wp-content\/gallery\/kassiopeia_2015_aussen\/thumbs\/thumbs_blick_nach_vorn.jpg\"\n                    width=\"100\"\n                    height=\"75\"\n                    style=\"max-width:100%;\"\n                \/>\n            <\/a>\n        <\/div>\n\t\t\t\t\t\t\t<\/div> \n\t\t\t\n        \n\t\t\t\t<div id=\"ngg-image-4\" class=\"ngg-gallery-thumbnail-box\" >\n\t\t\t\t        <div class=\"ngg-gallery-thumbnail\">\n            <a href=\"http:\/\/www.ueber-die-meere.de\/wordpress\/wp-content\/gallery\/kassiopeia_2015_aussen\/cockpit_hooksiel.jpg\"\n               title=\"Noch sehr  jungfr\u00e4ulich\"\n               data-src=\"http:\/\/www.ueber-die-meere.de\/wordpress\/wp-content\/gallery\/kassiopeia_2015_aussen\/cockpit_hooksiel.jpg\"\n               data-thumbnail=\"http:\/\/www.ueber-die-meere.de\/wordpress\/wp-content\/gallery\/kassiopeia_2015_aussen\/thumbs\/thumbs_cockpit_hooksiel.jpg\"\n               data-image-id=\"3044\"\n               data-title=\"cockpit_hooksiel\"\n               data-description=\"Noch sehr  jungfr\u00e4ulich\"\n               data-image-slug=\"cockpit_hooksiel\"\n               class=\"shutterset_12362\">\n                <img\n                    title=\"cockpit_hooksiel\"\n                    alt=\"cockpit_hooksiel\"\n                    src=\"http:\/\/www.ueber-die-meere.de\/wordpress\/wp-content\/gallery\/kassiopeia_2015_aussen\/thumbs\/thumbs_cockpit_hooksiel.jpg\"\n                    width=\"100\"\n                    height=\"75\"\n                    style=\"max-width:100%;\"\n                \/>\n            <\/a>\n        <\/div>\n\t\t\t\t\t\t\t<\/div> \n\t\t\t\n        \n\t\t\t\t<div id=\"ngg-image-5\" class=\"ngg-gallery-thumbnail-box\" >\n\t\t\t\t        <div class=\"ngg-gallery-thumbnail\">\n            <a href=\"http:\/\/www.ueber-die-meere.de\/wordpress\/wp-content\/gallery\/kassiopeia_2015_aussen\/kassiopeia_hooksiel.jpg\"\n               title=\"Kassiopeia in der Abendsonne von Hooksiel\"\n               data-src=\"http:\/\/www.ueber-die-meere.de\/wordpress\/wp-content\/gallery\/kassiopeia_2015_aussen\/kassiopeia_hooksiel.jpg\"\n               data-thumbnail=\"http:\/\/www.ueber-die-meere.de\/wordpress\/wp-content\/gallery\/kassiopeia_2015_aussen\/thumbs\/thumbs_kassiopeia_hooksiel.jpg\"\n               data-image-id=\"3045\"\n               data-title=\"kassiopeia_hooksiel\"\n               data-description=\"Kassiopeia in der Abendsonne von Hooksiel\"\n               data-image-slug=\"kassiopeia_hooksiel\"\n               class=\"shutterset_12362\">\n                <img\n                    title=\"kassiopeia_hooksiel\"\n                    alt=\"kassiopeia_hooksiel\"\n                    src=\"http:\/\/www.ueber-die-meere.de\/wordpress\/wp-content\/gallery\/kassiopeia_2015_aussen\/thumbs\/thumbs_kassiopeia_hooksiel.jpg\"\n                    width=\"100\"\n                    height=\"75\"\n                    style=\"max-width:100%;\"\n                \/>\n            <\/a>\n        <\/div>\n\t\t\t\t\t\t\t<\/div> \n\t\t\t\n        \n\t\t\n\t\t<div class=\"ngg-clear\"><\/div>\n\t<\/div>\n<\/p>\n<p><strong>Kassiopeia von innen<\/strong><\/p>\n<p><!-- index.php -->\n<div\n\tclass=\"ngg-galleryoverview ngg-ajax-pagination-none\"\n\tid=\"ngg-gallery-12363-1\">\n\n    \t<div class=\"slideshowlink\">\n        <a href='http:\/\/www.ueber-die-meere.de\/wordpress\/index.php\/nggallery\/slideshow?page_id=2067'>[Show as slideshow]<\/a>\n\t\t\n\t<\/div>\n\t\t\t<!-- Thumbnails -->\n\t\t\t\t<div id=\"ngg-image-0\" class=\"ngg-gallery-thumbnail-box\" >\n\t\t\t\t        <div class=\"ngg-gallery-thumbnail\">\n            <a href=\"http:\/\/www.ueber-die-meere.de\/wordpress\/wp-content\/gallery\/kassiopeia_2015\/wandschrank.jpg\"\n               title=\"Nicht gross, doch f\u00fcr uns ausreichend. Abendkleider-Anzug nicht n\u00f6tig :-)\"\n               data-src=\"http:\/\/www.ueber-die-meere.de\/wordpress\/wp-content\/gallery\/kassiopeia_2015\/wandschrank.jpg\"\n               data-thumbnail=\"http:\/\/www.ueber-die-meere.de\/wordpress\/wp-content\/gallery\/kassiopeia_2015\/thumbs\/thumbs_wandschrank.jpg\"\n               data-image-id=\"3021\"\n               data-title=\"Wandschrank\"\n               data-description=\"Nicht gross, doch f\u00fcr uns ausreichend. Abendkleider-Anzug nicht n\u00f6tig :-)\"\n               data-image-slug=\"wandschrank\"\n               class=\"shutterset_12363\">\n                <img\n                    title=\"Wandschrank\"\n                    alt=\"Wandschrank\"\n                    src=\"http:\/\/www.ueber-die-meere.de\/wordpress\/wp-content\/gallery\/kassiopeia_2015\/thumbs\/thumbs_wandschrank.jpg\"\n                    width=\"100\"\n                    height=\"75\"\n                    style=\"max-width:100%;\"\n                \/>\n            <\/a>\n        <\/div>\n\t\t\t\t\t\t\t<\/div> \n\t\t\t\n        \n\t\t\t\t<div id=\"ngg-image-1\" class=\"ngg-gallery-thumbnail-box\" >\n\t\t\t\t        <div class=\"ngg-gallery-thumbnail\">\n            <a href=\"http:\/\/www.ueber-die-meere.de\/wordpress\/wp-content\/gallery\/kassiopeia_2015\/kompressor_aussendaemmung.jpg\"\n               title=\"Das Herz unseres K\u00fchlschrankes\"\n               data-src=\"http:\/\/www.ueber-die-meere.de\/wordpress\/wp-content\/gallery\/kassiopeia_2015\/kompressor_aussendaemmung.jpg\"\n               data-thumbnail=\"http:\/\/www.ueber-die-meere.de\/wordpress\/wp-content\/gallery\/kassiopeia_2015\/thumbs\/thumbs_kompressor_aussendaemmung.jpg\"\n               data-image-id=\"3022\"\n               data-title=\"Kompressor und die Daemmung\"\n               data-description=\"Das Herz unseres K\u00fchlschrankes\"\n               data-image-slug=\"kompressor_aussendaemmung\"\n               class=\"shutterset_12363\">\n                <img\n                    title=\"Kompressor und die Daemmung\"\n                    alt=\"Kompressor und die Daemmung\"\n                    src=\"http:\/\/www.ueber-die-meere.de\/wordpress\/wp-content\/gallery\/kassiopeia_2015\/thumbs\/thumbs_kompressor_aussendaemmung.jpg\"\n                    width=\"100\"\n                    height=\"75\"\n                    style=\"max-width:100%;\"\n                \/>\n            <\/a>\n        <\/div>\n\t\t\t\t\t\t\t<\/div> \n\t\t\t\n        \n\t\t\t\t<div id=\"ngg-image-2\" class=\"ngg-gallery-thumbnail-box\" >\n\t\t\t\t        <div class=\"ngg-gallery-thumbnail\">\n            <a href=\"http:\/\/www.ueber-die-meere.de\/wordpress\/wp-content\/gallery\/kassiopeia_2015\/kuehlschrank.jpg\"\n               title=\"Toplader, sehr praktisch\"\n               data-src=\"http:\/\/www.ueber-die-meere.de\/wordpress\/wp-content\/gallery\/kassiopeia_2015\/kuehlschrank.jpg\"\n               data-thumbnail=\"http:\/\/www.ueber-die-meere.de\/wordpress\/wp-content\/gallery\/kassiopeia_2015\/thumbs\/thumbs_kuehlschrank.jpg\"\n               data-image-id=\"3023\"\n               data-title=\"Kuehlschrank\"\n               data-description=\"Toplader, sehr praktisch\"\n               data-image-slug=\"kuehlschrank\"\n               class=\"shutterset_12363\">\n                <img\n                    title=\"Kuehlschrank\"\n                    alt=\"Kuehlschrank\"\n                    src=\"http:\/\/www.ueber-die-meere.de\/wordpress\/wp-content\/gallery\/kassiopeia_2015\/thumbs\/thumbs_kuehlschrank.jpg\"\n                    width=\"100\"\n                    height=\"75\"\n                    style=\"max-width:100%;\"\n                \/>\n            <\/a>\n        <\/div>\n\t\t\t\t\t\t\t<\/div> \n\t\t\t\n        \n\t\t\t\t<div id=\"ngg-image-3\" class=\"ngg-gallery-thumbnail-box\" >\n\t\t\t\t        <div class=\"ngg-gallery-thumbnail\">\n            <a href=\"http:\/\/www.ueber-die-meere.de\/wordpress\/wp-content\/gallery\/kassiopeia_2015\/pantry.jpg\"\n               title=\"Diese mal aufger\u00e4umt! Hier k\u00f6nnen wir sogar zu zweit gut arbeiten\"\n               data-src=\"http:\/\/www.ueber-die-meere.de\/wordpress\/wp-content\/gallery\/kassiopeia_2015\/pantry.jpg\"\n               data-thumbnail=\"http:\/\/www.ueber-die-meere.de\/wordpress\/wp-content\/gallery\/kassiopeia_2015\/thumbs\/thumbs_pantry.jpg\"\n               data-image-id=\"3024\"\n               data-title=\"Pantry\"\n               data-description=\"Diese mal aufger\u00e4umt! Hier k\u00f6nnen wir sogar zu zweit gut arbeiten\"\n               data-image-slug=\"pantry\"\n               class=\"shutterset_12363\">\n                <img\n                    title=\"Pantry\"\n                    alt=\"Pantry\"\n                    src=\"http:\/\/www.ueber-die-meere.de\/wordpress\/wp-content\/gallery\/kassiopeia_2015\/thumbs\/thumbs_pantry.jpg\"\n                    width=\"100\"\n                    height=\"75\"\n                    style=\"max-width:100%;\"\n                \/>\n            <\/a>\n        <\/div>\n\t\t\t\t\t\t\t<\/div> \n\t\t\t\n        \n\t\t\t\t<div id=\"ngg-image-4\" class=\"ngg-gallery-thumbnail-box\" >\n\t\t\t\t        <div class=\"ngg-gallery-thumbnail\">\n            <a href=\"http:\/\/www.ueber-die-meere.de\/wordpress\/wp-content\/gallery\/kassiopeia_2015\/nasszelle.jpg\"\n               title=\"Recht eng , aber ausreichend Platz\"\n               data-src=\"http:\/\/www.ueber-die-meere.de\/wordpress\/wp-content\/gallery\/kassiopeia_2015\/nasszelle.jpg\"\n               data-thumbnail=\"http:\/\/www.ueber-die-meere.de\/wordpress\/wp-content\/gallery\/kassiopeia_2015\/thumbs\/thumbs_nasszelle.jpg\"\n               data-image-id=\"3025\"\n               data-title=\"Nasszelle\"\n               data-description=\"Recht eng , aber ausreichend Platz\"\n               data-image-slug=\"nasszelle\"\n               class=\"shutterset_12363\">\n                <img\n                    title=\"Nasszelle\"\n                    alt=\"Nasszelle\"\n                    src=\"http:\/\/www.ueber-die-meere.de\/wordpress\/wp-content\/gallery\/kassiopeia_2015\/thumbs\/thumbs_nasszelle.jpg\"\n                    width=\"100\"\n                    height=\"75\"\n                    style=\"max-width:100%;\"\n                \/>\n            <\/a>\n        <\/div>\n\t\t\t\t\t\t\t<\/div> \n\t\t\t\n        \n\t\t\t\t<div id=\"ngg-image-5\" class=\"ngg-gallery-thumbnail-box\" >\n\t\t\t\t        <div class=\"ngg-gallery-thumbnail\">\n            <a href=\"http:\/\/www.ueber-die-meere.de\/wordpress\/wp-content\/gallery\/kassiopeia_2015\/salon2.jpg\"\n               title=\"Blick zum Cockpit\"\n               data-src=\"http:\/\/www.ueber-die-meere.de\/wordpress\/wp-content\/gallery\/kassiopeia_2015\/salon2.jpg\"\n               data-thumbnail=\"http:\/\/www.ueber-die-meere.de\/wordpress\/wp-content\/gallery\/kassiopeia_2015\/thumbs\/thumbs_salon2.jpg\"\n               data-image-id=\"3028\"\n               data-title=\"Salon\"\n               data-description=\"Blick zum Cockpit\"\n               data-image-slug=\"salon2\"\n               class=\"shutterset_12363\">\n                <img\n                    title=\"Salon\"\n                    alt=\"Salon\"\n                    src=\"http:\/\/www.ueber-die-meere.de\/wordpress\/wp-content\/gallery\/kassiopeia_2015\/thumbs\/thumbs_salon2.jpg\"\n                    width=\"100\"\n                    height=\"75\"\n                    style=\"max-width:100%;\"\n                \/>\n            <\/a>\n        <\/div>\n\t\t\t\t\t\t\t<\/div> \n\t\t\t\n        \n\t\t\t\t<div id=\"ngg-image-6\" class=\"ngg-gallery-thumbnail-box\" >\n\t\t\t\t        <div class=\"ngg-gallery-thumbnail\">\n            <a href=\"http:\/\/www.ueber-die-meere.de\/wordpress\/wp-content\/gallery\/kassiopeia_2015\/salon1.jpg\"\n               title=\"Blick in den Salon\"\n               data-src=\"http:\/\/www.ueber-die-meere.de\/wordpress\/wp-content\/gallery\/kassiopeia_2015\/salon1.jpg\"\n               data-thumbnail=\"http:\/\/www.ueber-die-meere.de\/wordpress\/wp-content\/gallery\/kassiopeia_2015\/thumbs\/thumbs_salon1.jpg\"\n               data-image-id=\"3029\"\n               data-title=\"Salon\"\n               data-description=\"Blick in den Salon\"\n               data-image-slug=\"salon1\"\n               class=\"shutterset_12363\">\n                <img\n                    title=\"Salon\"\n                    alt=\"Salon\"\n                    src=\"http:\/\/www.ueber-die-meere.de\/wordpress\/wp-content\/gallery\/kassiopeia_2015\/thumbs\/thumbs_salon1.jpg\"\n                    width=\"100\"\n                    height=\"75\"\n                    style=\"max-width:100%;\"\n                \/>\n            <\/a>\n        <\/div>\n\t\t\t\t\t\t\t<\/div> \n\t\t\t\n        \n\t\t\t\t<div id=\"ngg-image-7\" class=\"ngg-gallery-thumbnail-box\" >\n\t\t\t\t        <div class=\"ngg-gallery-thumbnail\">\n            <a href=\"http:\/\/www.ueber-die-meere.de\/wordpress\/wp-content\/gallery\/kassiopeia_2015\/koje.jpg\"\n               title=\"Viele B\u00fccher und eine gute Matratze, wir schlafen hier sehr gut!\"\n               data-src=\"http:\/\/www.ueber-die-meere.de\/wordpress\/wp-content\/gallery\/kassiopeia_2015\/koje.jpg\"\n               data-thumbnail=\"http:\/\/www.ueber-die-meere.de\/wordpress\/wp-content\/gallery\/kassiopeia_2015\/thumbs\/thumbs_koje.jpg\"\n               data-image-id=\"3038\"\n               data-title=\"koje\"\n               data-description=\"Viele B\u00fccher und eine gute Matratze, wir schlafen hier sehr gut!\"\n               data-image-slug=\"koje\"\n               class=\"shutterset_12363\">\n                <img\n                    title=\"koje\"\n                    alt=\"koje\"\n                    src=\"http:\/\/www.ueber-die-meere.de\/wordpress\/wp-content\/gallery\/kassiopeia_2015\/thumbs\/thumbs_koje.jpg\"\n                    width=\"100\"\n                    height=\"75\"\n                    style=\"max-width:100%;\"\n                \/>\n            <\/a>\n        <\/div>\n\t\t\t\t\t\t\t<\/div> \n\t\t\t\n        \n\t\t\t\t<div id=\"ngg-image-8\" class=\"ngg-gallery-thumbnail-box\" >\n\t\t\t\t        <div class=\"ngg-gallery-thumbnail\">\n            <a href=\"http:\/\/www.ueber-die-meere.de\/wordpress\/wp-content\/gallery\/kassiopeia_2015\/salon_hooksiel.jpg\"\n               title=\"So aufgr\u00e4umt sah er noch der Abfahrt aus :-)\"\n               data-src=\"http:\/\/www.ueber-die-meere.de\/wordpress\/wp-content\/gallery\/kassiopeia_2015\/salon_hooksiel.jpg\"\n               data-thumbnail=\"http:\/\/www.ueber-die-meere.de\/wordpress\/wp-content\/gallery\/kassiopeia_2015\/thumbs\/thumbs_salon_hooksiel.jpg\"\n               data-image-id=\"3043\"\n               data-title=\"salon_hooksiel\"\n               data-description=\"So aufgr\u00e4umt sah er noch der Abfahrt aus :-)\"\n               data-image-slug=\"salon_hooksiel\"\n               class=\"shutterset_12363\">\n                <img\n                    title=\"salon_hooksiel\"\n                    alt=\"salon_hooksiel\"\n                    src=\"http:\/\/www.ueber-die-meere.de\/wordpress\/wp-content\/gallery\/kassiopeia_2015\/thumbs\/thumbs_salon_hooksiel.jpg\"\n                    width=\"100\"\n                    height=\"75\"\n                    style=\"max-width:100%;\"\n                \/>\n            <\/a>\n        <\/div>\n\t\t\t\t\t\t\t<\/div> \n\t\t\t\n        \n\t\t\n\t\t<div class=\"ngg-clear\"><\/div>\n\t<\/div>\n<\/p>\n<div style=\"width: 560px\" class=\"wp-caption alignnone\"><a href=\"http:\/\/www.ueber-die-meere.de\/images\/stories\/grundriss.jpg\"><img loading=\"lazy\" title=\"grundriss\" src=\"http:\/\/www.ueber-die-meere.de\/images\/stories\/grundriss.jpg\" alt=\"\" width=\"550\" height=\"389\" border=\"0\"><\/a><p class=\"wp-caption-text\">Grundriss-Schnitt<\/p><\/div>\n<p>&nbsp;<\/p>\n<div style=\"width: 560px\" class=\"wp-caption alignnone\"><a href=\"http:\/\/www.ueber-die-meere.de\/images\/stories\/ansicht.jpg\"><img loading=\"lazy\" title=\"ansicht\" src=\"http:\/\/www.ueber-die-meere.de\/images\/stories\/ansicht.jpg\" alt=\"ansicht\" width=\"550\" height=\"663\" border=\"0\"><\/a><p class=\"wp-caption-text\">Ansicht<\/p><\/div>\n<p>&nbsp;<\/p>\n","protected":false},"excerpt":{"rendered":"<p>Nach vielen Monaten und tausenden von Kilometern, Irrungen und Wirrungen haben wir uns f\u00fcr eine Hallberg Rassy 35 Rasmus mit Mittelcockpit entschieden, unsere &#8222;Kassiopeia&#8220;. Sie hat zwar schon ein paar Jahre auf dem Buckel aber eine geniale Substanz, genau das, &hellip; <a href=\"http:\/\/www.ueber-die-meere.de\/wordpress\/?page_id=2067\">Weiterlesen <span class=\"meta-nav\">&rarr;<\/span><\/a><\/p>\n","protected":false},"author":3,"featured_media":0,"parent":0,"menu_order":0,"comment_status":"closed","ping_status":"closed","template":"","meta":{"ngg_post_thumbnail":0},"_links":{"self":[{"href":"http:\/\/www.ueber-die-meere.de\/wordpress\/index.php?rest_route=\/wp\/v2\/pages\/2067"}],"collection":[{"href":"http:\/\/www.ueber-die-meere.de\/wordpress\/index.php?rest_route=\/wp\/v2\/pages"}],"about":[{"href":"http:\/\/www.ueber-die-meere.de\/wordpress\/index.php?rest_route=\/wp\/v2\/types\/page"}],"author":[{"embeddable":true,"href":"http:\/\/www.ueber-die-meere.de\/wordpress\/index.php?rest_route=\/wp\/v2\/users\/3"}],"replies":[{"embeddable":true,"href":"http:\/\/www.ueber-die-meere.de\/wordpress\/index.php?rest_route=%2Fwp%2Fv2%2Fcomments&post=2067"}],"version-history":[{"count":10,"href":"http:\/\/www.ueber-die-meere.de\/wordpress\/index.php?rest_route=\/wp\/v2\/pages\/2067\/revisions"}],"predecessor-version":[{"id":17574,"href":"http:\/\/www.ueber-die-meere.de\/wordpress\/index.php?rest_route=\/wp\/v2\/pages\/2067\/revisions\/17574"}],"wp:attachment":[{"href":"http:\/\/www.ueber-die-meere.de\/wordpress\/index.php?rest_route=%2Fwp%2Fv2%2Fmedia&parent=2067"}],"curies":[{"name":"wp","href":"https:\/\/api.w.org\/{rel}","templated":true}]}}